{"id":3,"date":"2022-06-19T11:29:27","date_gmt":"2022-06-19T11:29:27","guid":{"rendered":"https:\/\/digitalprod.eu\/agno\/?page_id=3"},"modified":"2022-06-23T10:12:34","modified_gmt":"2022-06-23T10:12:34","slug":"politica-privacidade","status":"publish","type":"page","link":"https:\/\/agnoservice.com\/fr\/politica-privacidade\/","title":{"rendered":"Politique de confidentialit\u00e9"},"content":{"rendered":"<p><span>Votre vie priv\u00e9e est importante pour nous.\u00a0La politique d&#8217;Agno Service est de respecter votre vie priv\u00e9e concernant toute information que nous pouvons recueillir aupr\u00e8s de vous sur le site Web d&#8217;Agno Service et sur d&#8217;autres sites Web que nous poss\u00e9dons et exploitons.<\/span><\/p>\n<p><span>Nous ne demandons des informations personnelles que lorsque nous en avons vraiment besoin pour vous fournir un service.\u00a0Nous le faisons par des moyens justes et l\u00e9gaux, avec votre connaissance et votre consentement.\u00a0Nous vous expliquons \u00e9galement pourquoi nous le collectons et comment il sera utilis\u00e9.<\/span><\/p>\n<p><span>Nous ne conservons les informations collect\u00e9es que le temps n\u00e9cessaire pour fournir le service demand\u00e9.\u00a0Lorsque nous stockons des donn\u00e9es, nous les prot\u00e9geons par des moyens commercialement acceptables pour pr\u00e9venir la perte et le vol, ainsi que l&#8217;acc\u00e8s, la divulgation, la copie, l&#8217;utilisation ou la modification non autoris\u00e9s.<\/span><\/p>\n<p><span>Nous ne partageons pas d&#8217;informations personnellement identifiables publiquement ou avec des tiers, sauf si la loi l&#8217;exige.<\/span><\/p>\n<p><span>Notre site Web peut contenir des liens vers des sites Web externes qui ne sont pas exploit\u00e9s par nous.\u00a0Veuillez noter que nous n&#8217;avons aucun contr\u00f4le sur le contenu et les pratiques de ces sites et ne pouvons accepter la responsabilit\u00e9 de leurs politiques de confidentialit\u00e9 respectives.<\/span><\/p>\n<p><span>Vous \u00eates libre de refuser notre demande d&#8217;informations personnelles, \u00e9tant entendu que nous ne pourrons peut-\u00eatre pas vous fournir certains des services dont vous avez besoin.<\/span><\/p>\n<p><span>Votre utilisation continue de notre site Web sera consid\u00e9r\u00e9e comme une acceptation de nos pratiques en mati\u00e8re de politique de confidentialit\u00e9 et d&#8217;informations personnelles.\u00a0Si vous avez des questions sur la mani\u00e8re dont nous traitons les donn\u00e9es des utilisateurs et les informations personnelles, veuillez nous contacter.<\/span><\/p>\n<h2><span>Politique relative aux cookies du service Agno<\/span><\/h2>\n<h3><span>Que sont les cookies ?<\/span><\/h3>\n<p><span>Comme c&#8217;est la pratique courante avec presque tous les sites Web professionnels, ce site utilise des cookies, qui sont de petits fichiers t\u00e9l\u00e9charg\u00e9s sur votre ordinateur, pour am\u00e9liorer votre exp\u00e9rience.\u00a0Cette page d\u00e9crit les informations qu&#8217;ils collectent, comment nous les utilisons et pourquoi nous avons parfois besoin de stocker ces cookies.\u00a0Nous partagerons \u00e9galement comment vous pouvez emp\u00eacher le stockage de ces cookies, mais cela peut d\u00e9grader ou &#8220;casser&#8221; certains \u00e9l\u00e9ments de la fonctionnalit\u00e9 du site.<\/span><\/p>\n<h3><span>Comment utilisons-nous les cookies ?<\/span><\/h3>\n<p><span>Nous utilisons des cookies pour diverses raisons, d\u00e9taill\u00e9es ci-dessous.\u00a0Malheureusement, dans la plupart des cas, il n&#8217;existe pas d&#8217;options standard de l&#8217;industrie pour d\u00e9sactiver les cookies sans d\u00e9sactiver compl\u00e8tement les fonctionnalit\u00e9s et fonctionnalit\u00e9s qu&#8217;ils ajoutent \u00e0 ce site.\u00a0Il est recommand\u00e9 de laisser tous les cookies si vous n&#8217;\u00eates pas s\u00fbr d&#8217;en avoir besoin ou non s&#8217;ils sont utilis\u00e9s pour fournir un service que vous utilisez.<\/span><\/p>\n<h3><span>d\u00e9sactiver les cookies<\/span><\/h3>\n<p><span>Vous pouvez emp\u00eacher l&#8217;installation de cookies en ajustant les param\u00e8tres de votre navigateur (consultez l&#8217;aide de votre navigateur pour savoir comment proc\u00e9der).\u00a0Veuillez noter que la d\u00e9sactivation des cookies affectera la fonctionnalit\u00e9 de ce site et de nombreux autres sites Web que vous visitez.\u00a0La d\u00e9sactivation des cookies entra\u00eenera g\u00e9n\u00e9ralement la d\u00e9sactivation de certaines fonctionnalit\u00e9s et caract\u00e9ristiques de ce site Web.\u00a0Par cons\u00e9quent, il est recommand\u00e9 de ne pas d\u00e9sactiver les cookies.<\/span><\/p>\n<h3><span>Cookies que nous installons<\/span><\/h3>\n<ul>\n<li><strong><span>Cookies li\u00e9s aux formulaires<\/span><\/strong><br \/>\n<span>Lorsque vous soumettez des donn\u00e9es via un formulaire tel que ceux trouv\u00e9s sur les pages de contact ou les formulaires de commentaires, des cookies peuvent \u00eatre configur\u00e9s pour m\u00e9moriser les d\u00e9tails de l&#8217;utilisateur pour une correspondance future.<\/span><\/li>\n<li><strong><span>Cookies de pr\u00e9f\u00e9rence du site<\/span><\/strong><br \/>\n<span>Pour vous offrir une excellente exp\u00e9rience sur ce site, nous proposons une fonctionnalit\u00e9 permettant de d\u00e9finir vos pr\u00e9f\u00e9rences quant \u00e0 la mani\u00e8re dont ce site fonctionne lorsque vous l&#8217;utilisez.\u00a0Pour m\u00e9moriser vos pr\u00e9f\u00e9rences, nous devons d\u00e9finir des cookies afin que ces informations puissent \u00eatre appel\u00e9es chaque fois que vous interagissez avec une page affect\u00e9e par vos pr\u00e9f\u00e9rences.<\/span><\/li>\n<\/ul>\n<h3><span>Cookies tiers<\/span><\/h3>\n<p><span>Dans certains cas particuliers, nous utilisons \u00e9galement des cookies fournis par des tiers de confiance.\u00a0La section suivante d\u00e9taille les cookies tiers que vous pouvez rencontrer via ce site Web.<\/span><\/p>\n<ul>\n<li><span>Ce site Web utilise Google Analytics, qui est l&#8217;une des solutions d&#8217;analyse les plus r\u00e9pandues et les plus fiables sur le Web, pour nous aider \u00e0 comprendre comment vous utilisez le site Web et comment nous pouvons am\u00e9liorer votre exp\u00e9rience.\u00a0Ces cookies peuvent suivre des \u00e9l\u00e9ments tels que le temps que vous passez sur le site et les pages que vous visitez afin que nous puissions continuer \u00e0 produire un contenu attrayant.<\/span><\/li>\n<\/ul>\n<p><span>Pour plus d&#8217;informations sur les cookies de Google Analytics, consultez la page officielle de Google Analytics.<\/span><\/p>\n<ul>\n<li><span>Des analyses tierces sont utilis\u00e9es pour suivre et mesurer l&#8217;utilisation de ce site Web afin que nous puissions continuer \u00e0 produire un contenu attrayant.\u00a0Ces cookies peuvent suivre des \u00e9l\u00e9ments tels que le temps que vous passez sur le site ou les pages que vous visitez, ce qui nous aide \u00e0 comprendre comment nous pouvons am\u00e9liorer le site pour vous.<\/span><\/li>\n<li><span>De temps en temps, nous testons de nouvelles fonctionnalit\u00e9s et apportons des modifications subtiles \u00e0 l&#8217;apparence du site.\u00a0Lorsque nous testons encore de nouvelles fonctionnalit\u00e9s, ces cookies peuvent \u00eatre utilis\u00e9s pour vous garantir une exp\u00e9rience coh\u00e9rente sur le site, tout en comprenant les optimisations que nos utilisateurs appr\u00e9cient le plus.<\/span><\/li>\n<li><span>Lorsque nous vendons des produits, il est important pour nous de comprendre les statistiques sur le nombre de visiteurs de notre site Web qui ach\u00e8tent r\u00e9ellement, et c&#8217;est donc le type de donn\u00e9es que ces cookies suivront.\u00a0Ceci est important pour vous car cela signifie que nous pouvons faire des pr\u00e9visions commerciales pr\u00e9cises qui nous permettent d&#8217;analyser nos co\u00fbts de publicit\u00e9 et de produit pour vous assurer d&#8217;obtenir le meilleur prix possible.<\/span><\/li>\n<\/ul>\n<h3><span>Plus d&#8217;information<\/span><\/h3>\n<p><span>J&#8217;esp\u00e8re que cela est clair et, comme mentionn\u00e9 pr\u00e9c\u00e9demment, s&#8217;il y a quelque chose dont vous n&#8217;\u00eates pas s\u00fbr d&#8217;avoir besoin ou non, il est g\u00e9n\u00e9ralement plus s\u00fbr de laisser les cookies activ\u00e9s au cas o\u00f9 ils interagissent avec l&#8217;une des fonctionnalit\u00e9s que vous utilisez sur notre site.<\/span><\/p>\n","protected":false},"excerpt":{"rendered":"<p>Votre vie priv\u00e9e est importante pour nous.\u00a0La politique d&#8217;Agno Service est de respecter votre vie priv\u00e9e concernant toute information que nous pouvons recueillir aupr\u00e8s de vous sur le site Web d&#8217;Agno Service et sur d&#8217;autres sites Web que nous poss\u00e9dons et exploitons. Nous ne demandons des informations personnelles que lorsque nous en avons vraiment besoin&#8230;  <a href=\"https:\/\/agnoservice.com\/fr\/politica-privacidade\/\" title=\"Read Politique de confidentialit\u00e9\">Read more &raquo;<\/a><\/p>\n","protected":false},"author":1,"featured_media":0,"parent":0,"menu_order":0,"comment_status":"closed","ping_status":"open","template":"tmp-politica.php","meta":{"inline_featured_image":false},"yoast_head":"<!-- This site is optimized with the Yoast SEO plugin v19.1 - https:\/\/yoast.com\/wordpress\/plugins\/seo\/ -->\n<title>Politique de confidentialit\u00e9 - Agno Service FR<\/title>\n<meta name=\"robots\" content=\"index, follow, max-snippet:-1, max-image-preview:large, max-video-preview:-1\" \/>\n<link rel=\"canonical\" href=\"https:\/\/agnoservice.com\/fr\/politica-privacidade\/\" \/>\n<meta property=\"og:locale\" content=\"pt_PT\" \/>\n<meta property=\"og:type\" content=\"article\" \/>\n<meta property=\"og:title\" content=\"Politique de confidentialit\u00e9 - Agno Service FR\" \/>\n<meta property=\"og:description\" content=\"Votre vie priv\u00e9e est importante pour nous.\u00a0La politique d&#8217;Agno Service est de respecter votre vie priv\u00e9e concernant toute information que nous pouvons recueillir aupr\u00e8s de vous sur le site Web d&#8217;Agno Service et sur d&#8217;autres sites Web que nous poss\u00e9dons et exploitons. Nous ne demandons des informations personnelles que lorsque nous en avons vraiment besoin... Read more &raquo;\" \/>\n<meta property=\"og:url\" content=\"https:\/\/agnoservice.com\/fr\/politica-privacidade\/\" \/>\n<meta property=\"og:site_name\" content=\"Agno Service FR\" \/>\n<meta property=\"article:modified_time\" content=\"2022-06-23T10:12:34+00:00\" \/>\n<meta name=\"twitter:card\" content=\"summary_large_image\" \/>\n<meta name=\"twitter:label1\" content=\"Tempo estimado de leitura\" \/>\n\t<meta name=\"twitter:data1\" content=\"5 minutos\" \/>\n<script type=\"application\/ld+json\" class=\"yoast-schema-graph\">{\"@context\":\"https:\/\/schema.org\",\"@graph\":[{\"@type\":\"WebSite\",\"@id\":\"https:\/\/agnoservice.com\/fr\/#website\",\"url\":\"https:\/\/agnoservice.com\/fr\/\",\"name\":\"Agno Service FR\",\"description\":\"\",\"potentialAction\":[{\"@type\":\"SearchAction\",\"target\":{\"@type\":\"EntryPoint\",\"urlTemplate\":\"https:\/\/agnoservice.com\/fr\/?s={search_term_string}\"},\"query-input\":\"required name=search_term_string\"}],\"inLanguage\":\"pt-PT\"},{\"@type\":\"WebPage\",\"@id\":\"https:\/\/agnoservice.com\/fr\/politica-privacidade\/#webpage\",\"url\":\"https:\/\/agnoservice.com\/fr\/politica-privacidade\/\",\"name\":\"Politique de confidentialit\u00e9 - Agno Service FR\",\"isPartOf\":{\"@id\":\"https:\/\/agnoservice.com\/fr\/#website\"},\"datePublished\":\"2022-06-19T11:29:27+00:00\",\"dateModified\":\"2022-06-23T10:12:34+00:00\",\"breadcrumb\":{\"@id\":\"https:\/\/agnoservice.com\/fr\/politica-privacidade\/#breadcrumb\"},\"inLanguage\":\"pt-PT\",\"potentialAction\":[{\"@type\":\"ReadAction\",\"target\":[\"https:\/\/agnoservice.com\/fr\/politica-privacidade\/\"]}]},{\"@type\":\"BreadcrumbList\",\"@id\":\"https:\/\/agnoservice.com\/fr\/politica-privacidade\/#breadcrumb\",\"itemListElement\":[{\"@type\":\"ListItem\",\"position\":1,\"name\":\"In\u00edcio\",\"item\":\"https:\/\/agnoservice.com\/fr\/\"},{\"@type\":\"ListItem\",\"position\":2,\"name\":\"Politique de confidentialit\u00e9\"}]}]}<\/script>\n<!-- \/ Yoast SEO plugin. -->","yoast_head_json":{"title":"Politique de confidentialit\u00e9 - Agno Service FR","robots":{"index":"index","follow":"follow","max-snippet":"max-snippet:-1","max-image-preview":"max-image-preview:large","max-video-preview":"max-video-preview:-1"},"canonical":"https:\/\/agnoservice.com\/fr\/politica-privacidade\/","og_locale":"pt_PT","og_type":"article","og_title":"Politique de confidentialit\u00e9 - Agno Service FR","og_description":"Votre vie priv\u00e9e est importante pour nous.\u00a0La politique d&#8217;Agno Service est de respecter votre vie priv\u00e9e concernant toute information que nous pouvons recueillir aupr\u00e8s de vous sur le site Web d&#8217;Agno Service et sur d&#8217;autres sites Web que nous poss\u00e9dons et exploitons. Nous ne demandons des informations personnelles que lorsque nous en avons vraiment besoin... Read more &raquo;","og_url":"https:\/\/agnoservice.com\/fr\/politica-privacidade\/","og_site_name":"Agno Service FR","article_modified_time":"2022-06-23T10:12:34+00:00","twitter_card":"summary_large_image","twitter_misc":{"Tempo estimado de leitura":"5 minutos"},"schema":{"@context":"https:\/\/schema.org","@graph":[{"@type":"WebSite","@id":"https:\/\/agnoservice.com\/fr\/#website","url":"https:\/\/agnoservice.com\/fr\/","name":"Agno Service FR","description":"","potentialAction":[{"@type":"SearchAction","target":{"@type":"EntryPoint","urlTemplate":"https:\/\/agnoservice.com\/fr\/?s={search_term_string}"},"query-input":"required name=search_term_string"}],"inLanguage":"pt-PT"},{"@type":"WebPage","@id":"https:\/\/agnoservice.com\/fr\/politica-privacidade\/#webpage","url":"https:\/\/agnoservice.com\/fr\/politica-privacidade\/","name":"Politique de confidentialit\u00e9 - Agno Service FR","isPartOf":{"@id":"https:\/\/agnoservice.com\/fr\/#website"},"datePublished":"2022-06-19T11:29:27+00:00","dateModified":"2022-06-23T10:12:34+00:00","breadcrumb":{"@id":"https:\/\/agnoservice.com\/fr\/politica-privacidade\/#breadcrumb"},"inLanguage":"pt-PT","potentialAction":[{"@type":"ReadAction","target":["https:\/\/agnoservice.com\/fr\/politica-privacidade\/"]}]},{"@type":"BreadcrumbList","@id":"https:\/\/agnoservice.com\/fr\/politica-privacidade\/#breadcrumb","itemListElement":[{"@type":"ListItem","position":1,"name":"In\u00edcio","item":"https:\/\/agnoservice.com\/fr\/"},{"@type":"ListItem","position":2,"name":"Politique de confidentialit\u00e9"}]}]}},"_links":{"self":[{"href":"https:\/\/agnoservice.com\/fr\/wp-json\/wp\/v2\/pages\/3"}],"collection":[{"href":"https:\/\/agnoservice.com\/fr\/wp-json\/wp\/v2\/pages"}],"about":[{"href":"https:\/\/agnoservice.com\/fr\/wp-json\/wp\/v2\/types\/page"}],"author":[{"embeddable":true,"href":"https:\/\/agnoservice.com\/fr\/wp-json\/wp\/v2\/users\/1"}],"replies":[{"embeddable":true,"href":"https:\/\/agnoservice.com\/fr\/wp-json\/wp\/v2\/comments?post=3"}],"version-history":[{"count":5,"href":"https:\/\/agnoservice.com\/fr\/wp-json\/wp\/v2\/pages\/3\/revisions"}],"predecessor-version":[{"id":182,"href":"https:\/\/agnoservice.com\/fr\/wp-json\/wp\/v2\/pages\/3\/revisions\/182"}],"wp:attachment":[{"href":"https:\/\/agnoservice.com\/fr\/wp-json\/wp\/v2\/media?parent=3"}],"curies":[{"name":"wp","href":"https:\/\/api.w.org\/{rel}","templated":true}]}}